{"id":3,"date":"2023-01-12T17:58:19","date_gmt":"2023-01-12T16:58:19","guid":{"rendered":"https:\/\/sidler-sa.ch\/?page_id=3"},"modified":"2023-12-12T17:06:00","modified_gmt":"2023-12-12T16:06:00","slug":"privacy-policy-gdpr","status":"publish","type":"page","link":"https:\/\/sidler-sa.ch\/it\/privacy-policy-gdpr","title":{"rendered":"Informativa trattamento dati personali utenti del sito &#8211; GDPR"},"content":{"rendered":"\t\t<div data-elementor-type=\"wp-page\" data-elementor-id=\"3\" class=\"elementor elementor-3\">\n\t\t\t\t\t\t<section class=\"elementor-section elementor-top-section elementor-element elementor-element-3abb4ff9 elementor-section-boxed elementor-section-height-default elementor-section-height-default\" data-id=\"3abb4ff9\" data-element_type=\"section\" data-e-type=\"section\">\n\t\t\t\t\t\t<div class=\"elementor-container elementor-column-gap-default\">\n\t\t\t\t\t<div class=\"elementor-column elementor-col-100 elementor-top-column elementor-element elementor-element-a2f702b\" data-id=\"a2f702b\" data-element_type=\"column\" data-e-type=\"column\">\n\t\t\t<div class=\"elementor-widget-wrap elementor-element-populated\">\n\t\t\t\t\t\t<div class=\"elementor-element elementor-element-39d14057 elementor-widget elementor-widget-text-editor\" data-id=\"39d14057\" data-element_type=\"widget\" data-e-type=\"widget\" data-widget_type=\"text-editor.default\">\n\t\t\t\t<div class=\"elementor-widget-container\">\n\t\t\t\t\t\t\t\t\t\n<p>La presente informativa (<strong><em>Informativa<\/em><\/strong>) viene resa in relazione al trattamento dei dati personali degli utenti del sito internet di\u00a0<strong>Sidler SA\u00a0<\/strong>disponibile all\u2019indirizzo\u00a0www.sidler-sa.ch\u00a0(il\u00a0<strong><em>Sito<\/em><\/strong>).<\/p>\n<p>Questa informativa non si applica a siti, applicazioni e contenuti di terzi in genere, neppure se accessibili dal Sito. In questi casi potranno essere applicabili le disposizioni sulla protezione dei dati di tali terzi, che possono essere diverse dalle presenti e che Le consigliamo di consultare prima della comunicazione di qualsiasi dato.<\/p>\n<p>Questa informativa non si applica ai candidati all\u2019instaurazione di un rapporto di lavoro in relazione agli annunci presenti sul Sito: i dati dei candidati saranno trattati secondo quanto descritto nell\u2019informativa consultabile accedendo alla sezione \u201cCandidatura Spontanea\u201d e alla procedura di invio del curriculum vitae online.<\/p>\n<p><strong>1.\u00a0\u00a0\u00a0\u00a0\u00a0 Titolare del trattamento.<\/strong><\/p>\n<p>Ai fini di cui all\u2019Informativa, titolare del trattamento \u00e8 Sidler SA, con sede legale in\u00a0Via Gaggiolo 27, 6855 Stabio CH, numero di iscrizione al registro delle imprese CHE-100.591.903 IVA (<strong><em>Titolare<\/em><\/strong>).<\/p>\n<p>Il Titolare \u00e8 una societ\u00e0 attiva nel settore della selezione del personale.<\/p>\n<p><strong>2.\u00a0\u00a0\u00a0\u00a0\u00a0 Dati raccolti.<\/strong><\/p>\n<p>I suoi dati personali &#8211; raccolti attraverso l\u2019accesso al Sito o l\u2019eventuale invio di richieste all\u2019indirizzo dedicato &#8211; sono limitati a quelli necessari per la fruibilit\u00e0 del Sito da parte degli utenti dello stesso nonch\u00e9 a quelli necessari per rispondere ad eventuali richieste inoltrate dagli utenti (di seguito, nel complesso, i\u00a0<strong><em>Dati<\/em><\/strong>).<\/p>\n<p>I sistemi informatici e le procedure\u00a0<em>software<\/em>\u00a0utilizzate per il funzionamento del Sito acquisiscono, nel corso del loro normale esercizio, alcuni dati personali la cui trasmissione \u00e8 implicita nell\u2019uso della rete Internet, che risulta basata sul protocollo TCP\/IP.<\/p>\n<p>Si tratta di informazioni che non sono raccolte per essere associate a interessati identificati, ma che per loro stessa natura potrebbero, attraverso elaborazioni ed associazioni con dati detenuti da terzi, permettere di identificare gli utenti navigatori.<\/p>\n<p>In questa categoria di dati rientrano gli \u201cindirizzi IP\u201d o i nomi a dominio dei computer utilizzati dagli utenti che si connettono al sito, gli indirizzi in notazione URI (<em>Uniform Resource Identifier<\/em>) delle risorse richieste, l\u2019orario della richiesta, il metodo utilizzato nel sottoporre la richiesta al\u00a0<em>server web<\/em>, la dimensione del file ottenuto in risposta, il codice numerico indicante lo stato della risposta data dal\u00a0<em>server web<\/em>\u00a0(buon fine, errore, ecc..) ed altri parametri relativi al sistema operativo ed all\u2019ambiente informatico dell\u2019utente che accede al sito.<\/p>\n<p>Tali dati vengono utilizzati al solo fine di ricavare informazioni statistiche anonime sull\u2019uso del Sito e per controllare il corretto funzionamento del Sito in maniera tale da garantirne la fruibilit\u00e0 per gli utenti.<\/p>\n<p><strong>3.\u00a0\u00a0\u00a0\u00a0\u00a0 Finalit\u00e0 e base giuridica del trattamento.<\/strong><\/p>\n<p>La base giuridica del trattamento dei Dati \u00e8 la soddisfazione di una richiesta da lei formulata.<\/p>\n<p>I Dati saranno trattati esclusivamente per la finalit\u00e0 di dare riscontro ad eventuali richieste da lei formulate attraverso il Sito.<\/p>\n<p>Il conferimento dei Dati per le finalit\u00e0 suindicate \u00e8 obbligatorio e necessario. L\u2019eventuale rifiuto, parziale o totale, a conferire i Dati comporter\u00e0 l\u2019impossibilit\u00e0, per il Titolare di dare riscontro alle richieste in relazione alle quali i Dati vengono raccolti.<\/p>\n<p><strong>4.\u00a0\u00a0\u00a0\u00a0\u00a0 Modalit\u00e0 del trattamento.<\/strong><\/p>\n<p>I Dati saranno trattati da dipendenti e\/o collaboratori del Titolare, appositamente designati quali persone autorizzate al trattamento e responsabili esterni del trattamento, i cui rispettivi nominativi sono disponibili su richiesta al Titolare.<\/p>\n<p>Il Titolare e i soggetti terzi di cui lo stesso si avvale procedono al trattamento dei Dati mediante elaborazioni manuali o strumenti elettronici o comunque automatizzati, secondo logiche strettamente correlate alle finalit\u00e0 stesse e comunque in modo da garantire la sicurezza e la riservatezza dei Dati stessi.<\/p>\n<p>Per le finalit\u00e0 di cui alla presente Informativa, i suoi dati personali saranno trattati e conservati all\u2019esterno del territorio dell\u2019Unione Europea, specificamente nel territorio della Svizzera, ove il Titolare ha la propria sede e ove responsabili nominati dal Titolare hanno la propria sede.<\/p>\n<p>In ogni caso, i suoi dati verranno trattati unicamente in Paesi al di fuori dell\u2019Unione Europea che offrono un\u2019adeguata protezione secondo quanto stabilito da istituzioni europee, come avviene per la Svizzera, in relazione alla quale la Commissione Europea ha adottato la Decisione del 26 luglio 2000 riguardante l&#8217;adeguatezza della protezione dei dati personali in Svizzera a norma della direttiva 95\/46\/CE.<\/p>\n<p><strong>5.\u00a0\u00a0\u00a0\u00a0\u00a0 Comunicazione (destinatari) dei Dati.<\/strong><\/p>\n<p>I Dati potranno essere comunicati a terzi soltanto laddove necessario per dare un riscontro alle richieste di informazioni da lei inviate attraverso il Sito al Titolare.<\/p>\n<p>I terzi destinatari dei Dati, titolari autonomi del trattamento o debitamente designati quali responsabili del trattamento, appartengono a categorie tra cui soggetti che svolgono, per conto o in favore del Titolare, i compiti di natura tecnica ed organizzativa o di assistenza professionale\/consulenza, in particolare i gestori delle infrastrutture\u00a0<em>software<\/em>\u00a0utilizzate dal Titolare.<\/p>\n<p>L\u2019elenco completo dei responsabili del trattamento dei Dati \u00e8 custodito presso la sede del Titolare ed \u00e8 consultabile su richiesta da trasmettere ai recapiti indicati al successivo articolo 8.<\/p>\n<p><strong>6.\u00a0\u00a0\u00a0\u00a0\u00a0 Diffusione dei Dati.<\/strong><\/p>\n<p>I Dati non saranno diffusi.<\/p>\n<p><strong>7.\u00a0\u00a0\u00a0\u00a0\u00a0 Periodo di conservazione dei Dati<\/strong><\/p>\n<p>I Dati sono trattati per il solo tempo strettamente necessario a conseguire le finalit\u00e0 per cui sono stati raccolti e, in ogni caso, non oltre 24 (ventiquattro) mesi dal ricevimento di eventuali richieste.<\/p>\n<p><strong>8.\u00a0\u00a0\u00a0\u00a0\u00a0 Diritti dell\u2019interessato.<\/strong><\/p>\n<p>I soggetti cui si riferiscono i Dati hanno il diritto in qualunque momento di: (I) ottenere conferma dell&#8217;esistenza o meno di dati personali che li riguardano; (II) conoscere le finalit\u00e0 del trattamento e le modalit\u00e0, i destinatari di tali Dati, il periodo di conservazione; (III) ottenere la rettificazione o la cancellazione, e ove applicabile, la limitazione del trattamento; (IV) opporsi al trattamento; (V) ove applicabile, ricevere in un formato strutturato, di uso comune e leggibile da dispositivo automatico, i Dati che li riguardano forniti al Titolare e trasmettere tali dati a un altro titolare del trattamento senza impedimenti da parte del Titolare; (VI) proporre reclamo all\u2019Autorit\u00e0 garante per la protezione dei dati personali.<\/p>\n<p>I diritti di cui sopra potranno essere esercitati in ogni momento, mediante semplice richiesta al Titolare, da trasmettere:<\/p>\n<ul>\n<li>via e-mail, all\u2019indirizzo:\u00a0privacy@sidler-sa.ch; oppure<\/li>\n<li>via posta all\u2019indirizzo:\u00a0Via Gaggiolo 27, 6855 Stabio CH<\/li>\n<\/ul>\n<p><strong>9.\u00a0\u00a0\u00a0\u00a0\u00a0 Cookie e link ad altri siti<\/strong><\/p>\n<p>L\u2019informativa relativa ai cookie utilizzati sul Sito \u00e8\u00a0<a href=\"https:\/\/sidler-sa.ch\/cookie\">disponibile a questo link<\/a>.<\/p>\n<p>Il Sito include inoltre i link di altre societ\u00e0. Il Titolare non assume alcuna responsabilit\u00e0 per il contenuto dei siti esterni collegati al Sito, l\u2019accesso ai quali \u00e8 fornito come mera informativa agli utenti senza che ci\u00f2 implichi approvazione n\u00e9 alcuna forma di controllo dei siti stessi.<\/p>\n\t\t\t\t\t\t\t\t<\/div>\n\t\t\t\t<\/div>\n\t\t\t\t\t<\/div>\n\t\t<\/div>\n\t\t\t\t\t<\/div>\n\t\t<\/section>\n\t\t\t\t<\/div>\n\t\t","protected":false},"excerpt":{"rendered":"<p>La presente informativa (Informativa) viene resa in relazione al trattamento dei dati personali degli utenti del sito internet di\u00a0Sidler SA\u00a0disponibile&#8230;<\/p>\n","protected":false},"author":1,"featured_media":0,"parent":0,"menu_order":3,"comment_status":"closed","ping_status":"closed","template":"","meta":{"footnotes":""},"class_list":["post-3","page","type-page","status-publish","hentry","no-post-thumbnail","pt-10"],"jetpack_sharing_enabled":true,"_links":{"self":[{"href":"https:\/\/sidler-sa.ch\/it\/wp-json\/wp\/v2\/pages\/3","targetHints":{"allow":["GET"]}}],"collection":[{"href":"https:\/\/sidler-sa.ch\/it\/wp-json\/wp\/v2\/pages"}],"about":[{"href":"https:\/\/sidler-sa.ch\/it\/wp-json\/wp\/v2\/types\/page"}],"author":[{"embeddable":true,"href":"https:\/\/sidler-sa.ch\/it\/wp-json\/wp\/v2\/users\/1"}],"replies":[{"embeddable":true,"href":"https:\/\/sidler-sa.ch\/it\/wp-json\/wp\/v2\/comments?post=3"}],"version-history":[{"count":12,"href":"https:\/\/sidler-sa.ch\/it\/wp-json\/wp\/v2\/pages\/3\/revisions"}],"predecessor-version":[{"id":11539,"href":"https:\/\/sidler-sa.ch\/it\/wp-json\/wp\/v2\/pages\/3\/revisions\/11539"}],"wp:attachment":[{"href":"https:\/\/sidler-sa.ch\/it\/wp-json\/wp\/v2\/media?parent=3"}],"curies":[{"name":"wp","href":"https:\/\/api.w.org\/{rel}","templated":true}]}}