{"id":2283,"date":"2023-02-28T17:12:42","date_gmt":"2023-02-28T16:12:42","guid":{"rendered":"https:\/\/sidler-sa.ch\/?page_id=2283"},"modified":"2023-04-13T17:13:58","modified_gmt":"2023-04-13T15:13:58","slug":"perche-sidler","status":"publish","type":"page","link":"https:\/\/sidler-sa.ch\/it\/perche-sidler","title":{"rendered":"Perch\u00e9 Sidler"},"content":{"rendered":"\t\t<div data-elementor-type=\"wp-page\" data-elementor-id=\"2283\" class=\"elementor elementor-2283\">\n\t\t\t\t\t\t<section class=\"elementor-section elementor-top-section elementor-element elementor-element-0f6a323 elementor-section-full_width elementor-section-height-default elementor-section-height-default\" data-id=\"0f6a323\" data-element_type=\"section\" data-e-type=\"section\">\n\t\t\t\t\t\t<div class=\"elementor-container elementor-column-gap-no\">\n\t\t\t\t\t<div class=\"elementor-column elementor-col-100 elementor-top-column elementor-element elementor-element-576769d\" data-id=\"576769d\" data-element_type=\"column\" data-e-type=\"column\">\n\t\t\t<div class=\"elementor-widget-wrap elementor-element-populated\">\n\t\t\t\t\t\t<div class=\"elementor-element elementor-element-c1a24f3 m-0 elementor-widget elementor-widget-title\" data-id=\"c1a24f3\" data-element_type=\"widget\" data-e-type=\"widget\" data-widget_type=\"title.default\">\n\t\t\t\t<div class=\"elementor-widget-container\">\n\t\t\t\t\t<h2 class=\"control-heading-title fw-bold m-0\">Perch\u00e9 Sidler<\/h2>\t\t\t\t<\/div>\n\t\t\t\t<\/div>\n\t\t\t\t<section class=\"elementor-section elementor-inner-section elementor-element elementor-element-6461d56 elementor-section-full_width elementor-section-height-default elementor-section-height-default\" data-id=\"6461d56\" data-element_type=\"section\" data-e-type=\"section\">\n\t\t\t\t\t\t<div class=\"elementor-container elementor-column-gap-default\">\n\t\t\t\t\t<div class=\"elementor-column elementor-col-33 elementor-inner-column elementor-element elementor-element-fed2c91\" data-id=\"fed2c91\" data-element_type=\"column\" data-e-type=\"column\">\n\t\t\t<div class=\"elementor-widget-wrap\">\n\t\t\t\t\t\t\t<\/div>\n\t\t<\/div>\n\t\t\t\t<div class=\"elementor-column elementor-col-33 elementor-inner-column elementor-element elementor-element-6acb257\" data-id=\"6acb257\" data-element_type=\"column\" data-e-type=\"column\">\n\t\t\t<div class=\"elementor-widget-wrap elementor-element-populated\">\n\t\t\t\t\t\t<div class=\"elementor-element elementor-element-a8ba6ec elementor-widget elementor-widget-text-editor\" data-id=\"a8ba6ec\" data-element_type=\"widget\" data-e-type=\"widget\" data-widget_type=\"text-editor.default\">\n\t\t\t\t<div class=\"elementor-widget-container\">\n\t\t\t\t\t\t\t\t\t<p style=\"text-align: center;\">Le Risorse Umane sono il vero patrimonio di ogni azienda.<\/p><p style=\"text-align: center;\">Sidler SA opera da anni nell&#8217;ambito della consulenza professionale, reclutamento e selezione di personale qualificato, quadri e dirigenti nel Cantone Ticino, nonch\u00e9 in tutta la Svizzera e Europa.<\/p><p style=\"text-align: center;\">Vi informiamo che accettiamo Candidature e CV digitali, pervenuti esclusivamente tramite Form Online. Non si accettano candidature cartacee.<\/p>\t\t\t\t\t\t\t\t<\/div>\n\t\t\t\t<\/div>\n\t\t\t\t\t<\/div>\n\t\t<\/div>\n\t\t\t\t<div class=\"elementor-column elementor-col-33 elementor-inner-column elementor-element elementor-element-97ae916\" data-id=\"97ae916\" data-element_type=\"column\" data-e-type=\"column\">\n\t\t\t<div class=\"elementor-widget-wrap\">\n\t\t\t\t\t\t\t<\/div>\n\t\t<\/div>\n\t\t\t\t\t<\/div>\n\t\t<\/section>\n\t\t\t\t<section class=\"elementor-section elementor-inner-section elementor-element elementor-element-0c2733f elementor-section-full_width elementor-section-height-default elementor-section-height-default\" data-id=\"0c2733f\" data-element_type=\"section\" data-e-type=\"section\">\n\t\t\t\t\t\t<div class=\"elementor-container elementor-column-gap-default\">\n\t\t\t\t\t<div class=\"elementor-column elementor-col-33 elementor-inner-column elementor-element elementor-element-c1c5318\" data-id=\"c1c5318\" data-element_type=\"column\" data-e-type=\"column\">\n\t\t\t<div class=\"elementor-widget-wrap elementor-element-populated\">\n\t\t\t\t\t\t<div class=\"elementor-element elementor-element-9a24d6a elementor-widget elementor-widget-text-editor\" data-id=\"9a24d6a\" data-element_type=\"widget\" data-e-type=\"widget\" data-widget_type=\"text-editor.default\">\n\t\t\t\t<div class=\"elementor-widget-container\">\n\t\t\t\t\t\t\t\t\t<div style=\"text-align: center;\"><span style=\"text-align: center; font-size: 56px; line-height: 56px; font-weight: 800;\">1.<\/div>\t\t\t\t\t\t\t\t<\/div>\n\t\t\t\t<\/div>\n\t\t\t\t<div class=\"elementor-element elementor-element-1effac8 elementor-widget elementor-widget-text-editor\" data-id=\"1effac8\" data-element_type=\"widget\" data-e-type=\"widget\" data-widget_type=\"text-editor.default\">\n\t\t\t\t<div class=\"elementor-widget-container\">\n\t\t\t\t\t\t\t\t\t<p style=\"text-align: center;\">Ogni candidatura sar\u00e0 trattata con la\u00a0massima professionalit\u00e0 e riservatezza.<\/p>\t\t\t\t\t\t\t\t<\/div>\n\t\t\t\t<\/div>\n\t\t\t\t\t<\/div>\n\t\t<\/div>\n\t\t\t\t<div class=\"elementor-column elementor-col-33 elementor-inner-column elementor-element elementor-element-af1a8a5\" data-id=\"af1a8a5\" data-element_type=\"column\" data-e-type=\"column\">\n\t\t\t<div class=\"elementor-widget-wrap elementor-element-populated\">\n\t\t\t\t\t\t<div class=\"elementor-element elementor-element-bea93a1 elementor-widget elementor-widget-text-editor\" data-id=\"bea93a1\" data-element_type=\"widget\" data-e-type=\"widget\" data-widget_type=\"text-editor.default\">\n\t\t\t\t<div class=\"elementor-widget-container\">\n\t\t\t\t\t\t\t\t\t<div style=\"text-align: center;\"><span style=\"text-align: center; font-size: 56px; line-height: 56px; font-weight: 800;\">2.<\/div>\t\t\t\t\t\t\t\t<\/div>\n\t\t\t\t<\/div>\n\t\t\t\t<div class=\"elementor-element elementor-element-0374862 elementor-widget elementor-widget-text-editor\" data-id=\"0374862\" data-element_type=\"widget\" data-e-type=\"widget\" data-widget_type=\"text-editor.default\">\n\t\t\t\t<div class=\"elementor-widget-container\">\n\t\t\t\t\t\t\t\t\t<p style=\"text-align: center;\"><span style=\"text-align: start;\">Nessuna candidatura sar\u00e0 presentata presso societ\u00e0 clienti senza un preventivo colloquio conoscitivo e consenso da parte del\/della candidato\/a.<\/span><\/p>\t\t\t\t\t\t\t\t<\/div>\n\t\t\t\t<\/div>\n\t\t\t\t\t<\/div>\n\t\t<\/div>\n\t\t\t\t<div class=\"elementor-column elementor-col-33 elementor-inner-column elementor-element elementor-element-52113dd\" data-id=\"52113dd\" data-element_type=\"column\" data-e-type=\"column\">\n\t\t\t<div class=\"elementor-widget-wrap elementor-element-populated\">\n\t\t\t\t\t\t<div class=\"elementor-element elementor-element-61d5026 elementor-widget elementor-widget-text-editor\" data-id=\"61d5026\" data-element_type=\"widget\" data-e-type=\"widget\" data-widget_type=\"text-editor.default\">\n\t\t\t\t<div class=\"elementor-widget-container\">\n\t\t\t\t\t\t\t\t\t<div style=\"text-align: center;\"><span style=\"text-align: center; font-size: 56px; line-height: 56px; font-weight: 800;\">3.<\/div>\t\t\t\t\t\t\t\t<\/div>\n\t\t\t\t<\/div>\n\t\t\t\t<div class=\"elementor-element elementor-element-bf8e991 elementor-widget elementor-widget-text-editor\" data-id=\"bf8e991\" data-element_type=\"widget\" data-e-type=\"widget\" data-widget_type=\"text-editor.default\">\n\t\t\t\t<div class=\"elementor-widget-container\">\n\t\t\t\t\t\t\t\t\t<p style=\"text-align: center;\">Perch\u00e9 in sede di colloquio i nostri Consulenti valuteranno ogni possibile opportunit\u00e0 in linea, considerando obiettivi professionali e personali, e il modo di procedere pi\u00f9 adeguato nella gestione delle informazioni personali.<\/p>\t\t\t\t\t\t\t\t<\/div>\n\t\t\t\t<\/div>\n\t\t\t\t\t<\/div>\n\t\t<\/div>\n\t\t\t\t\t<\/div>\n\t\t<\/section>\n\t\t\t\t<section class=\"elementor-section elementor-inner-section elementor-element elementor-element-1f555b4 elementor-section-full_width elementor-section-height-default elementor-section-height-default\" data-id=\"1f555b4\" data-element_type=\"section\" data-e-type=\"section\">\n\t\t\t\t\t\t<div class=\"elementor-container elementor-column-gap-default\">\n\t\t\t\t\t<div class=\"elementor-column elementor-col-33 elementor-inner-column elementor-element elementor-element-b9d8fe7\" data-id=\"b9d8fe7\" data-element_type=\"column\" data-e-type=\"column\">\n\t\t\t<div class=\"elementor-widget-wrap elementor-element-populated\">\n\t\t\t\t\t\t<div class=\"elementor-element elementor-element-8ad7f85 elementor-widget elementor-widget-text-editor\" data-id=\"8ad7f85\" data-element_type=\"widget\" data-e-type=\"widget\" data-widget_type=\"text-editor.default\">\n\t\t\t\t<div class=\"elementor-widget-container\">\n\t\t\t\t\t\t\t\t\t<div style=\"text-align: center;\"><span style=\"text-align: center; font-size: 56px; line-height: 56px; font-weight: 800;\">4.<\/span><\/div>\t\t\t\t\t\t\t\t<\/div>\n\t\t\t\t<\/div>\n\t\t\t\t<div class=\"elementor-element elementor-element-0607de6 elementor-widget elementor-widget-text-editor\" data-id=\"0607de6\" data-element_type=\"widget\" data-e-type=\"widget\" data-widget_type=\"text-editor.default\">\n\t\t\t\t<div class=\"elementor-widget-container\">\n\t\t\t\t\t\t\t\t\t<p style=\"text-align: center;\">Una volta presentata la candidatura presso le aziende clienti, sar\u00e0 assicurato un feedback.\u00a0Il\/la candidato\/a sar\u00e0 \u201caccompagnato\/a in tutto l\u2019iter di selezione, presentazione presso il cliente ed eventuale assunzione.<\/p>\t\t\t\t\t\t\t\t<\/div>\n\t\t\t\t<\/div>\n\t\t\t\t\t<\/div>\n\t\t<\/div>\n\t\t\t\t<div class=\"elementor-column elementor-col-33 elementor-inner-column elementor-element elementor-element-d45582b\" data-id=\"d45582b\" data-element_type=\"column\" data-e-type=\"column\">\n\t\t\t<div class=\"elementor-widget-wrap elementor-element-populated\">\n\t\t\t\t\t\t<div class=\"elementor-element elementor-element-7ef7975 elementor-widget elementor-widget-text-editor\" data-id=\"7ef7975\" data-element_type=\"widget\" data-e-type=\"widget\" data-widget_type=\"text-editor.default\">\n\t\t\t\t<div class=\"elementor-widget-container\">\n\t\t\t\t\t\t\t\t\t<div style=\"text-align: center;\"><span style=\"text-align: center; font-size: 56px; line-height: 56px; font-weight: 800;\">5.<\/span><\/div>\t\t\t\t\t\t\t\t<\/div>\n\t\t\t\t<\/div>\n\t\t\t\t<div class=\"elementor-element elementor-element-6dde1b8 elementor-widget elementor-widget-text-editor\" data-id=\"6dde1b8\" data-element_type=\"widget\" data-e-type=\"widget\" data-widget_type=\"text-editor.default\">\n\t\t\t\t<div class=\"elementor-widget-container\">\n\t\t\t\t\t\t\t\t\t<p style=\"text-align: center;\">Aiutiamo i nostri candidati a presentarsi al meglio presso le aziende clienti, consigliando loro come affrontare i colloqui e come porsi al meglio.<\/p>\t\t\t\t\t\t\t\t<\/div>\n\t\t\t\t<\/div>\n\t\t\t\t\t<\/div>\n\t\t<\/div>\n\t\t\t\t<div class=\"elementor-column elementor-col-33 elementor-inner-column elementor-element elementor-element-dc23e99\" data-id=\"dc23e99\" data-element_type=\"column\" data-e-type=\"column\">\n\t\t\t<div class=\"elementor-widget-wrap elementor-element-populated\">\n\t\t\t\t\t\t<div class=\"elementor-element elementor-element-95a0d64 elementor-widget elementor-widget-text-editor\" data-id=\"95a0d64\" data-element_type=\"widget\" data-e-type=\"widget\" data-widget_type=\"text-editor.default\">\n\t\t\t\t<div class=\"elementor-widget-container\">\n\t\t\t\t\t\t\t\t\t<div style=\"text-align: center;\"><span style=\"text-align: center; font-size: 56px; line-height: 56px; font-weight: 800;\">6.<\/span><\/div>\t\t\t\t\t\t\t\t<\/div>\n\t\t\t\t<\/div>\n\t\t\t\t<div class=\"elementor-element elementor-element-d6905d3 elementor-widget elementor-widget-text-editor\" data-id=\"d6905d3\" data-element_type=\"widget\" data-e-type=\"widget\" data-widget_type=\"text-editor.default\">\n\t\t\t\t<div class=\"elementor-widget-container\">\n\t\t\t\t\t\t\t\t\t<p style=\"text-align: center;\">Restiamo in contatto con i nostri candidati anche dopo l&#8217;inserimento presso l&#8217;azienda cliente e nel momento in cui decidono di rimettersi alla ricerca di una nuova posizione lavorativa.<\/p>\t\t\t\t\t\t\t\t<\/div>\n\t\t\t\t<\/div>\n\t\t\t\t\t<\/div>\n\t\t<\/div>\n\t\t\t\t\t<\/div>\n\t\t<\/section>\n\t\t\t\t\t<\/div>\n\t\t<\/div>\n\t\t\t\t\t<\/div>\n\t\t<\/section>\n\t\t\t\t<\/div>\n\t\t","protected":false},"excerpt":{"rendered":"<p>Perch\u00e9 Sidler Le Risorse Umane sono il vero patrimonio di ogni azienda. Sidler SA opera da anni nell&#8217;ambito della consulenza&#8230;<\/p>\n","protected":false},"author":1,"featured_media":0,"parent":0,"menu_order":11,"comment_status":"closed","ping_status":"closed","template":"","meta":{"footnotes":""},"class_list":["post-2283","page","type-page","status-publish","hentry","no-post-thumbnail","pt-10"],"jetpack_sharing_enabled":true,"_links":{"self":[{"href":"https:\/\/sidler-sa.ch\/it\/wp-json\/wp\/v2\/pages\/2283","targetHints":{"allow":["GET"]}}],"collection":[{"href":"https:\/\/sidler-sa.ch\/it\/wp-json\/wp\/v2\/pages"}],"about":[{"href":"https:\/\/sidler-sa.ch\/it\/wp-json\/wp\/v2\/types\/page"}],"author":[{"embeddable":true,"href":"https:\/\/sidler-sa.ch\/it\/wp-json\/wp\/v2\/users\/1"}],"replies":[{"embeddable":true,"href":"https:\/\/sidler-sa.ch\/it\/wp-json\/wp\/v2\/comments?post=2283"}],"version-history":[{"count":16,"href":"https:\/\/sidler-sa.ch\/it\/wp-json\/wp\/v2\/pages\/2283\/revisions"}],"predecessor-version":[{"id":3465,"href":"https:\/\/sidler-sa.ch\/it\/wp-json\/wp\/v2\/pages\/2283\/revisions\/3465"}],"wp:attachment":[{"href":"https:\/\/sidler-sa.ch\/it\/wp-json\/wp\/v2\/media?parent=2283"}],"curies":[{"name":"wp","href":"https:\/\/api.w.org\/{rel}","templated":true}]}}