{"id":1485,"date":"2022-08-30T08:47:49","date_gmt":"2022-08-30T06:47:49","guid":{"rendered":"http:\/\/jthemes.com\/themes\/wp\/jobbox\/?page_id=9"},"modified":"2023-12-12T17:01:08","modified_gmt":"2023-12-12T16:01:08","slug":"cookie-policy","status":"publish","type":"page","link":"https:\/\/sidler-sa.ch\/it\/cookie-policy","title":{"rendered":"Informativa sull\u2019utilizzo dei cookie &#8211; GDPR\u00a0"},"content":{"rendered":"\t\t<div data-elementor-type=\"wp-page\" data-elementor-id=\"1485\" class=\"elementor elementor-1485\">\n\t\t\t\t\t\t<section class=\"elementor-section elementor-top-section elementor-element elementor-element-20bd6716 elementor-section-boxed elementor-section-height-default elementor-section-height-default\" data-id=\"20bd6716\" data-element_type=\"section\" data-e-type=\"section\">\n\t\t\t\t\t\t<div class=\"elementor-container elementor-column-gap-default\">\n\t\t\t\t\t<div class=\"elementor-column elementor-col-100 elementor-top-column elementor-element elementor-element-55fd0fc6\" data-id=\"55fd0fc6\" data-element_type=\"column\" data-e-type=\"column\">\n\t\t\t<div class=\"elementor-widget-wrap elementor-element-populated\">\n\t\t\t\t\t\t<div class=\"elementor-element elementor-element-1f6d1d81 elementor-widget elementor-widget-text-editor\" data-id=\"1f6d1d81\" data-element_type=\"widget\" data-e-type=\"widget\" data-widget_type=\"text-editor.default\">\n\t\t\t\t<div class=\"elementor-widget-container\">\n\t\t\t\t\t\t\t\t\t\n<p>La presente informativa viene resa da Sidler SA, con riferimento ai cookie utilizzati sul sito internet\u00a0www.sidler-sa.ch\u00a0di propriet\u00e0 della stessa (il\u00a0<strong><em>Sito<\/em><\/strong>).<\/p>\n<p>Ai fini di cui all\u2019Informativa, titolare del trattamento \u00e8 Silder SA, con sede legale in\u00a0Via Gaggiolo 27, 6855 Stabio CH, numero di iscrizione al registro delle imprese CHE-100.591.903 IVA (<strong><em>Titolare<\/em><\/strong>).<\/p>\n<p>Il Titolare \u00e8 una societ\u00e0 attiva nel settore della selezione del personale.<\/p>\n<p><strong>Cookie<\/strong><\/p>\n<p>I cookie sono stringhe di testo di piccole dimensioni che i siti visitati dall&#8217;utente inviano al\u00a0<em>browser<\/em>\u00a0del suo stesso terminale, dove vengono memorizzati per essere poi ritrasmessi agli stessi siti alla successiva visita del medesimo utente. Nel corso della navigazione su un sito, l\u2019utente pu\u00f2 ricevere sul suo terminale cookie di \u201cprima parte\u201d, quando sono gestiti direttamente dal proprietario e\/o dal gestore del sito, e anche cookie che vengono inviati da siti o da web server diversi (c.d. cookie<em>\u00a0<\/em>di<em>\u00a0\u201cterze parti<\/em>\u201d); ci\u00f2 accade perch\u00e9 sul sito web visitato possono essere presenti elementi che risiedono su server diversi da quello sul quale si trova il sito web. In altre parole, sono quei cookie che vengono impostati da un sito web diverso da quello che si sta attualmente visitando.<\/p>\n<p>Con riferimento alle finalit\u00e0 perseguite, i cookie possono essere tecnici, analitici e di profilazione.<\/p>\n<p>Il Sito utilizza i seguenti cookie per le finalit\u00e0 di seguito indicate.<\/p>\n<p><strong>Cookie tecnici<\/strong><\/p>\n<p>I cookie tecnici sono utilizzati al solo fine di effettuare la trasmissione di una comunicazione su una rete di comunicazione elettronica, o nella misura strettamente necessaria al fornitore di un servizio della societ\u00e0 dell&#8217;informazione ad erogare un servizio esplicitamente richiesto dall\u2019utente.<\/p>\n<p>I cookie tecnici presenti sul Sito possono essere suddivisi in: cookie di navigazione o di sessione, che garantiscono la normale navigazione e fruizione del sito web (permettendo, ad esempio, di realizzare un acquisto o autenticarsi per accedere ad aree riservate). Tali cookie comprendono i cookie di funzionalit\u00e0, che permettono di memorizzare le scelte effettuate dall&#8217;utente sul sito web (ad esempio, la lingua), al fine di migliorare il servizio reso all\u2019utente stesso.<\/p>\n<p>Per l&#8217;installazione di tali cookie non \u00e8 richiesto il preventivo consenso degli utenti.<\/p>\n<p>Il Sito utilizza i seguenti cookie tecnici:<\/p>\n<ul>\n<li><strong>Session cookie<\/strong>\u00a0\u2013 Questi cookie sono essenziali per una corretta navigazione e per fruire delle funzioni del sito. Questi cookies non raccolgono informazioni personali utilizzabili a scopo di marketing, n\u00e9 memorizzano i siti visitati. L\u2019uso questi cookies (memorizzati temporaneamente sul dispositivo dell\u2019utente e automaticamente eliminati con la chiusura del browser) \u00e8 limitato alla trasmissione d\u2019identificativi di sessione (costituiti da numeri casuali\u00a0generati dal server) necessari per consentire la navigazione sul sito. Questa categoria di cookies non pu\u00f2 essere disattivata.<\/li>\n<\/ul>\n<p><strong>Cookie analytics<\/strong><\/p>\n<p>I cookie analitici sono utilizzati per raccogliere informazioni, in forma aggregata, sul numero degli utenti e su come questi visitano il Sito.<\/p>\n<p>Il Sito utilizza i seguenti cookie analitici di terze parti:<\/p>\n<ul>\n<li><strong>Google Analytics &#8211;\u00a0<\/strong>Raccoglie informazioni circa l&#8217;utilizzo degli utenti del proprio sito web. Google Analytics genera informazioni statistiche attraverso i cookie, memorizzati sui computer degli utenti.\u00a0Google memorizzer\u00e0 ed utilizzer\u00e0 queste informazioni. La politica sulla privacy di Google \u00e8 disponibile al seguente indirizzo:\u00a0<a href=\"https:\/\/policies.google.com\/privacy\">https:\/\/policies.google.com\/privacy<\/a><\/li>\n<\/ul>\n<p><strong>Cookie di profilazione<\/strong><\/p>\n<p>Questi cookie permettono di creare un profilo anonimo degli utenti sulla base della loro esperienza di navigazione sul Sito. In questo modo \u00e8 possibile fornire all\u2019utente pubblicit\u00e0 mirata sui propri interessi.<\/p>\n<p>Si segnala che il Sito non utilizza\u00a0cookie di profilazione<\/p>\n<p><strong>Natura del conferimento dei dati da parte degli Utenti<\/strong><\/p>\n<p>L\u2019Utente autorizza l\u2019utilizzo dei cookie proseguendo nella navigazione sul Sito, dopo aver letto il banner. Il conferimento dei dati \u00e8 facoltativo.<\/p>\n<p>\u00c8 possibile modificare le preferenze relative ai cookie in qualsiasi momento mediante specifiche configurazioni del browser, secondo le specifiche procedure di seguito descritte. Tramite le preferenze del browser \u00e8 inoltre possibile eliminare i cookie installati in passato, incluso il cookie in cui venga eventualmente salvato il consenso all&#8217;installazione di cookie da parte del Sito.<\/p>\n<p>L\u2019utente pu\u00f2 esprimere il proprio consenso all\u2019utilizzo dei cookie del Sito. \u00c8 possibile accettare tutti i cookie, solo alcuni, oppure rifiutarli tutti. Nel caso in cui l\u2019Utente decida di disattivare i cookie (anche quelli tecnici), non avr\u00e0 accesso a molte caratteristiche che rendono questo Sito pi\u00f9 efficiente e alcuni dei nostri servizi non funzioneranno in modo corretto.<\/p>\n<p>Per quanto concerne i cookie di terze parti, l&#8217;utente pu\u00f2 inoltre esercitare il proprio diritto ad opporsi al trattamento informandosi tramite la privacy policy della terza parte, tramite il link di\u00a0<em>opt out<\/em>\u00a0se esplicitamente fornito nella suddetta privacy policy o nella informativa cookie, o contattando direttamente la stessa terza parte.<\/p>\n<p><strong>Opzioni in merito all\u2019uso dei cookie.<\/strong><\/p>\n<p>L\u2019utente pu\u00f2 modificare le preferenze relative ai cookie in qualsiasi momento mediante specifiche configurazioni del browser, secondo le specifiche procedure di seguito descritte. Tramite le preferenze del browser \u00e8 inoltre possibile eliminare i cookie installati in passato, incluso il cookie in cui venga eventualmente salvato il consenso all&#8217;installazione di cookie da parte del Sito.<\/p>\n<p>L\u2019utente pu\u00f2 esprimere il proprio consenso all\u2019utilizzo dei cookie del Sito. \u00c8 possibile accettare tutti i cookie, solo alcuni, oppure rifiutarli tutti. Nel caso in cui l\u2019utente decida di disattivare i cookie presenti sul Sito, non avr\u00e0 accesso a molte caratteristiche che rendono questo Sito pi\u00f9 efficiente e alcuni dei nostri servizi non funzioneranno in modo corretto.<\/p>\n<p>Per quanto concerne i cookie di terze parti, l&#8217;utente pu\u00f2 inoltre esercitare il proprio diritto ad opporsi al trattamento informandosi tramite la privacy policy della terza parte, tramite il link di\u00a0<em>opt out<\/em>\u00a0se esplicitamente fornito nella suddetta privacy policy o nella cookie policy, o contattando direttamente la stessa terza parte.<\/p>\n<p>\u00c8 possibile controllare i cookie attraverso le impostazioni del\u00a0<em>browser\u00a0<\/em>utilizzato. Poich\u00e9 ciascun\u00a0<em>browser<\/em>\u00a0ha delle funzioni leggermente diverse, l\u2019utente dovr\u00e0 controllare sul menu di \u201c<em>aiuto<\/em>\u201d del proprio\u00a0<em>browser<\/em>\u00a0per capire come modificare correttamente le impostazioni relative ai cookie.<\/p>\n<p>L\u2019utente pu\u00f2 quindi modificare le impostazioni del\u00a0<em>browser<\/em>\u00a0in modo che i cookie siano cancellati o non vengano salvati nel computer o dispositivo\u00a0<em>mobile\u00a0<\/em>senza il proprio consenso esplicito. Ai seguenti link l\u2019utente pu\u00f2 capire meglio come impostare il proprio\u00a0<em>browser<\/em>:<\/p>\n<ul>\n<li><a><span lang=\"FR\" xml:lang=\"FR\">Internet Explorer:<em>\u00a0<\/em><\/span><\/a><a href=\"https:\/\/support.microsoft.com\/it-it\/help\/17442\/windows-internet-explorer-delete-manage-cookies\"><span lang=\"FR\" xml:lang=\"FR\">https:\/\/support.microsoft.com\/it-it\/help\/17442\/windows-internet-explorer-delete-manage-cookies<\/span><\/a><\/li>\n<li>Mozilla Firefox:\u00a0<a href=\"https:\/\/support.mozilla.com\/en-US\/kb\/cookies-information-websites-store-on-your-computer#w_cookie-settings\">https:\/\/support.mozilla.com\/en-US\/kb\/cookies-information-websites-store-on-your-computer#w_cookie-settings<\/a><\/li>\n<li><span lang=\"EN-US\" xml:lang=\"EN-US\">Google Chrome<em>:\u00a0<\/em><\/span><a href=\"https:\/\/support.google.com\/chrome\/answer\/95647?hl=en\"><span lang=\"EN-US\" xml:lang=\"EN-US\">https:\/\/support.google.com\/chrome\/answer\/95647?hl=en<\/span><\/a><\/li>\n<li><span lang=\"EN-US\" xml:lang=\"EN-US\">Safari:<em>\u00a0<\/em><a href=\"http:\/\/support.apple.com\/kb\/PH504\">http:\/\/support.apple.com\/kb\/PH504<\/a><\/span><\/li>\n<li><span lang=\"EN-US\" xml:lang=\"EN-US\">Opera<em>:\u00a0<\/em><a href=\"http:\/\/www.opera.com\/browser\/tutorials\/security\/privacy\/\">http:\/\/www.opera.com\/browser\/tutorials\/security\/privacy\/<\/a><\/span><\/li>\n<\/ul>\n\t\t\t\t\t\t\t\t<\/div>\n\t\t\t\t<\/div>\n\t\t\t\t\t<\/div>\n\t\t<\/div>\n\t\t\t\t\t<\/div>\n\t\t<\/section>\n\t\t\t\t<\/div>\n\t\t","protected":false},"excerpt":{"rendered":"","protected":false},"author":1,"featured_media":0,"parent":0,"menu_order":21,"comment_status":"closed","ping_status":"closed","template":"","meta":{"footnotes":""},"class_list":["post-1485","page","type-page","status-publish","hentry","no-post-thumbnail","pt-10"],"jetpack_sharing_enabled":true,"_links":{"self":[{"href":"https:\/\/sidler-sa.ch\/it\/wp-json\/wp\/v2\/pages\/1485","targetHints":{"allow":["GET"]}}],"collection":[{"href":"https:\/\/sidler-sa.ch\/it\/wp-json\/wp\/v2\/pages"}],"about":[{"href":"https:\/\/sidler-sa.ch\/it\/wp-json\/wp\/v2\/types\/page"}],"author":[{"embeddable":true,"href":"https:\/\/sidler-sa.ch\/it\/wp-json\/wp\/v2\/users\/1"}],"replies":[{"embeddable":true,"href":"https:\/\/sidler-sa.ch\/it\/wp-json\/wp\/v2\/comments?post=1485"}],"version-history":[{"count":7,"href":"https:\/\/sidler-sa.ch\/it\/wp-json\/wp\/v2\/pages\/1485\/revisions"}],"predecessor-version":[{"id":11535,"href":"https:\/\/sidler-sa.ch\/it\/wp-json\/wp\/v2\/pages\/1485\/revisions\/11535"}],"wp:attachment":[{"href":"https:\/\/sidler-sa.ch\/it\/wp-json\/wp\/v2\/media?parent=1485"}],"curies":[{"name":"wp","href":"https:\/\/api.w.org\/{rel}","templated":true}]}}